{"id":276,"date":"2022-07-13T05:48:17","date_gmt":"2022-07-13T05:48:17","guid":{"rendered":"https:\/\/inlaserv.com.co\/?page_id=276"},"modified":"2025-09-12T15:42:39","modified_gmt":"2025-09-12T15:42:39","slug":"empleos","status":"publish","type":"page","link":"https:\/\/www.inlaserv.com\/index.php\/empleos\/","title":{"rendered":"Empleos"},"content":{"rendered":"\t\t<div data-elementor-type=\"wp-page\" data-elementor-id=\"276\" class=\"elementor elementor-276\">\n\t\t\t\t\t\t<section class=\"elementor-section elementor-top-section elementor-element elementor-element-f43a4a6 elementor-section-boxed elementor-section-height-default elementor-section-height-default\" data-id=\"f43a4a6\" data-element_type=\"section\" data-e-type=\"section\">\n\t\t\t\t\t\t<div class=\"elementor-container elementor-column-gap-default\">\n\t\t\t\t\t<div class=\"elementor-column elementor-col-100 elementor-top-column elementor-element elementor-element-fb7e360\" data-id=\"fb7e360\" data-element_type=\"column\" data-e-type=\"column\">\n\t\t\t<div class=\"elementor-widget-wrap elementor-element-populated\">\n\t\t\t\t\t\t<div class=\"elementor-element elementor-element-6002c63 elementor-widget elementor-widget-text-editor\" data-id=\"6002c63\" data-element_type=\"widget\" data-e-type=\"widget\" data-widget_type=\"text-editor.default\">\n\t\t\t\t<div class=\"elementor-widget-container\">\n\t\t\t\t\t\t\t\t\t<h3><b>Encuentra tu pr\u00f3xima oportunidad laboral con Inlaserv SAS.\u00a0<\/b><\/h3>\t\t\t\t\t\t\t\t<\/div>\n\t\t\t\t<\/div>\n\t\t\t\t<section class=\"elementor-section elementor-inner-section elementor-element elementor-element-263f22d elementor-section-boxed elementor-section-height-default elementor-section-height-default\" data-id=\"263f22d\" data-element_type=\"section\" data-e-type=\"section\">\n\t\t\t\t\t\t<div class=\"elementor-container elementor-column-gap-default\">\n\t\t\t\t\t<div class=\"elementor-column elementor-col-50 elementor-inner-column elementor-element elementor-element-bcfb5c2\" data-id=\"bcfb5c2\" data-element_type=\"column\" data-e-type=\"column\">\n\t\t\t<div class=\"elementor-widget-wrap elementor-element-populated\">\n\t\t\t\t\t\t<div class=\"elementor-element elementor-element-ae8a0ae elementor-widget elementor-widget-text-editor\" data-id=\"ae8a0ae\" data-element_type=\"widget\" data-e-type=\"widget\" data-widget_type=\"text-editor.default\">\n\t\t\t\t<div class=\"elementor-widget-container\">\n\t\t\t\t\t\t\t\t\t<p><span style=\"font-family: Barlow, sans-serif; text-align: center;\">Conectamos <b>talento <\/b>con empresas que buscan <b>profesionales como t\u00fa<\/b>.<\/span><\/p>\t\t\t\t\t\t\t\t<\/div>\n\t\t\t\t<\/div>\n\t\t\t\t<div class=\"elementor-element elementor-element-b9d3cae elementor-widget__width-initial elementor-widget elementor-widget-text-editor\" data-id=\"b9d3cae\" data-element_type=\"widget\" data-e-type=\"widget\" data-widget_type=\"text-editor.default\">\n\t\t\t\t<div class=\"elementor-widget-container\">\n\t\t\t\t\t\t\t\t\t<p data-start=\"2026\" data-end=\"2057\"><strong>Aplica a nuestras vacantes y obt\u00e9n:<\/strong><\/p><p><em data-start=\"2063\" data-end=\"2116\">&#8211; A<\/em><span data-start=\"2063\" data-end=\"2116\">cceso a m\u00faltiples empresas en diferentes sectores.<\/span><br \/>&#8211; Acompa\u00f1amiento en la selecci\u00f3n y contrataci\u00f3n.<br \/><span data-start=\"2188\" data-end=\"2234\">&#8211; Oportunidades de crecimiento y capacitaci\u00f3n<\/span><em data-start=\"2188\" data-end=\"2234\">.<\/em><\/p>\t\t\t\t\t\t\t\t<\/div>\n\t\t\t\t<\/div>\n\t\t\t\t<div class=\"elementor-element elementor-element-7a5e30a elementor-widget-divider--view-line_text elementor-widget-divider--element-align-center elementor-widget elementor-widget-divider\" data-id=\"7a5e30a\" data-element_type=\"widget\" data-e-type=\"widget\" data-widget_type=\"divider.default\">\n\t\t\t\t<div class=\"elementor-widget-container\">\n\t\t\t\t\t\t\t<div class=\"elementor-divider\">\n\t\t\t<span class=\"elementor-divider-separator\">\n\t\t\t\t\t\t\t<span class=\"elementor-divider__text elementor-divider__element\">\n\t\t\t\tNuestros trabajadores\t\t\t\t<\/span>\n\t\t\t\t\t\t<\/span>\n\t\t<\/div>\n\t\t\t\t\t\t<\/div>\n\t\t\t\t<\/div>\n\t\t\t\t<div class=\"elementor-element elementor-element-7366892 elementor-widget elementor-widget-testimonial\" data-id=\"7366892\" data-element_type=\"widget\" data-e-type=\"widget\" data-widget_type=\"testimonial.default\">\n\t\t\t\t<div class=\"elementor-widget-container\">\n\t\t\t\t\t\t\t<div class=\"elementor-testimonial-wrapper\">\n\t\t\t\t\t\t\t<div class=\"elementor-testimonial-content\">Para m\u00ed, trabajar en INLASERV es una experiencia de crecimiento personal y profesional. Me ha ense\u00f1ado a valorar el esfuerzo de cada persona que busca una oportunidad y me ha dado la posibilidad de contribuir a su bienestar. Estar aqu\u00ed me ha ense\u00f1ado a ser m\u00e1s emp\u00e1tica, responsable y resiliente, record\u00e1ndome a diario que siempre hay algo por aprender y mejorar. Me siento agradecida porque, a trav\u00e9s de mi trabajo, no solo crezco como profesional, sino tambi\u00e9n como persona, fortaleciendo mis valores y mi compromiso de hacer las cosas con integridad y cuidado por los dem\u00e1s<\/div>\n\t\t\t\n\t\t\t\t\t\t<div class=\"elementor-testimonial-meta elementor-has-image elementor-testimonial-image-position-aside\">\n\t\t\t\t<div class=\"elementor-testimonial-meta-inner\">\n\t\t\t\t\t\t\t\t\t\t\t<div class=\"elementor-testimonial-image\">\n\t\t\t\t\t\t\t<img fetchpriority=\"high\" decoding=\"async\" width=\"1440\" height=\"2560\" src=\"https:\/\/www.inlaserv.com\/wp-content\/uploads\/2025\/02\/PXL_20250211_134347977.PORTRAIT-scaled.jpg\" class=\"attachment-full size-full wp-image-1767\" alt=\"\" srcset=\"https:\/\/www.inlaserv.com\/wp-content\/uploads\/2025\/02\/PXL_20250211_134347977.PORTRAIT-scaled.jpg 1440w, https:\/\/www.inlaserv.com\/wp-content\/uploads\/2025\/02\/PXL_20250211_134347977.PORTRAIT-169x300.jpg 169w, https:\/\/www.inlaserv.com\/wp-content\/uploads\/2025\/02\/PXL_20250211_134347977.PORTRAIT-576x1024.jpg 576w, https:\/\/www.inlaserv.com\/wp-content\/uploads\/2025\/02\/PXL_20250211_134347977.PORTRAIT-768x1365.jpg 768w, https:\/\/www.inlaserv.com\/wp-content\/uploads\/2025\/02\/PXL_20250211_134347977.PORTRAIT-864x1536.jpg 864w, https:\/\/www.inlaserv.com\/wp-content\/uploads\/2025\/02\/PXL_20250211_134347977.PORTRAIT-1152x2048.jpg 1152w, https:\/\/www.inlaserv.com\/wp-content\/uploads\/2025\/02\/PXL_20250211_134347977.PORTRAIT-34x60.jpg 34w\" sizes=\"(max-width: 1440px) 100vw, 1440px\" \/>\t\t\t\t\t\t<\/div>\n\t\t\t\t\t\n\t\t\t\t\t\t\t\t\t\t<div class=\"elementor-testimonial-details\">\n\t\t\t\t\t\t\t\t\t\t\t\t\t\t<div class=\"elementor-testimonial-name\">G\u00e9nesis P\u00e1jaro<\/div>\n\t\t\t\t\t\t\t\t\t\t\t\t\t\t\t\t\t\t\t\t\t\t<div class=\"elementor-testimonial-job\">Auxiliar de SST<\/div>\n\t\t\t\t\t\t\t\t\t\t\t\t\t<\/div>\n\t\t\t\t\t\t\t\t\t<\/div>\n\t\t\t<\/div>\n\t\t\t\t\t<\/div>\n\t\t\t\t\t\t<\/div>\n\t\t\t\t<\/div>\n\t\t\t\t\t<\/div>\n\t\t<\/div>\n\t\t\t\t<div class=\"elementor-column elementor-col-50 elementor-inner-column elementor-element elementor-element-a374b3b\" data-id=\"a374b3b\" data-element_type=\"column\" data-e-type=\"column\">\n\t\t\t<div class=\"elementor-widget-wrap elementor-element-populated\">\n\t\t\t\t\t\t<div class=\"elementor-element elementor-element-27bbe9a elementor-widget__width-initial elementor-widget elementor-widget-image\" data-id=\"27bbe9a\" data-element_type=\"widget\" data-e-type=\"widget\" data-widget_type=\"image.default\">\n\t\t\t\t<div class=\"elementor-widget-container\">\n\t\t\t\t\t\t\t\t\t\t\t\t\t\t\t<img decoding=\"async\" width=\"761\" height=\"1024\" src=\"https:\/\/www.inlaserv.com\/wp-content\/uploads\/2025\/02\/PXL_20250211_135924033.PORTRAIT-scaled-e1739998819622-761x1024.jpg\" class=\"attachment-large size-large wp-image-1766\" alt=\"\" srcset=\"https:\/\/www.inlaserv.com\/wp-content\/uploads\/2025\/02\/PXL_20250211_135924033.PORTRAIT-scaled-e1739998819622-761x1024.jpg 761w, https:\/\/www.inlaserv.com\/wp-content\/uploads\/2025\/02\/PXL_20250211_135924033.PORTRAIT-scaled-e1739998819622-223x300.jpg 223w, https:\/\/www.inlaserv.com\/wp-content\/uploads\/2025\/02\/PXL_20250211_135924033.PORTRAIT-scaled-e1739998819622-768x1033.jpg 768w, https:\/\/www.inlaserv.com\/wp-content\/uploads\/2025\/02\/PXL_20250211_135924033.PORTRAIT-scaled-e1739998819622-1142x1536.jpg 1142w, https:\/\/www.inlaserv.com\/wp-content\/uploads\/2025\/02\/PXL_20250211_135924033.PORTRAIT-scaled-e1739998819622-45x60.jpg 45w, https:\/\/www.inlaserv.com\/wp-content\/uploads\/2025\/02\/PXL_20250211_135924033.PORTRAIT-scaled-e1739998819622.jpg 1440w\" sizes=\"(max-width: 761px) 100vw, 761px\" \/>\t\t\t\t\t\t\t\t\t\t\t\t\t\t\t<\/div>\n\t\t\t\t<\/div>\n\t\t\t\t\t<\/div>\n\t\t<\/div>\n\t\t\t\t\t<\/div>\n\t\t<\/section>\n\t\t\t\t\t<\/div>\n\t\t<\/div>\n\t\t\t\t\t<\/div>\n\t\t<\/section>\n\t\t\t\t<section class=\"elementor-section elementor-top-section elementor-element elementor-element-d25ce53 elementor-section-full_width elementor-section-height-default elementor-section-height-default\" data-id=\"d25ce53\" data-element_type=\"section\" data-e-type=\"section\">\n\t\t\t\t\t\t<div class=\"elementor-container elementor-column-gap-default\">\n\t\t\t\t\t<div class=\"elementor-column elementor-col-100 elementor-top-column elementor-element elementor-element-fb99c41\" data-id=\"fb99c41\" data-element_type=\"column\" data-e-type=\"column\">\n\t\t\t<div class=\"elementor-widget-wrap elementor-element-populated\">\n\t\t\t\t\t\t<div class=\"elementor-element elementor-element-a4ee1b7 elementor-widget elementor-widget-text-editor\" data-id=\"a4ee1b7\" data-element_type=\"widget\" data-e-type=\"widget\" data-widget_type=\"text-editor.default\">\n\t\t\t\t<div class=\"elementor-widget-container\">\n\t\t\t\t\t\t\t\t\t<p><\/p><h3><span style=\"font-weight: normal;\">Aplicar es <\/span>f\u00e1cil <span style=\"font-weight: normal;\">y <\/span>r\u00e1pido<span style=\"font-weight: normal;\">.&nbsp;<br>Sigue estos pasos y encuentra tu empleo ideal<\/span><\/h3>\n<p><\/p>\t\t\t\t\t\t\t\t<\/div>\n\t\t\t\t<\/div>\n\t\t\t\t<section class=\"elementor-section elementor-inner-section elementor-element elementor-element-7c3dece elementor-section-boxed elementor-section-height-default elementor-section-height-default\" data-id=\"7c3dece\" data-element_type=\"section\" data-e-type=\"section\">\n\t\t\t\t\t\t<div class=\"elementor-container elementor-column-gap-default\">\n\t\t\t\t\t<div class=\"elementor-column elementor-col-50 elementor-inner-column elementor-element elementor-element-9f3b238\" data-id=\"9f3b238\" data-element_type=\"column\" data-e-type=\"column\">\n\t\t\t<div class=\"elementor-widget-wrap elementor-element-populated\">\n\t\t\t\t\t\t<div class=\"elementor-element elementor-element-fa7f244 elementor-widget elementor-widget-text-editor\" data-id=\"fa7f244\" data-element_type=\"widget\" data-e-type=\"widget\" data-widget_type=\"text-editor.default\">\n\t\t\t\t<div class=\"elementor-widget-container\">\n\t\t\t\t\t\t\t\t\t<p>1\ufe0f\u20e3 <span data-start=\"2590\" data-end=\"2604\"><b>Reg\u00edstrate&nbsp;<\/b><\/span> en nuestra plataforma.<br data-start=\"2627\" data-end=\"2630\">2\ufe0f\u20e3 <span data-start=\"2634\" data-end=\"2643\"><b>Busca&nbsp;<\/b><\/span> y <b>selecciona <\/b>una vacante.<\/p>\t\t\t\t\t\t\t\t<\/div>\n\t\t\t\t<\/div>\n\t\t\t\t\t<\/div>\n\t\t<\/div>\n\t\t\t\t<div class=\"elementor-column elementor-col-50 elementor-inner-column elementor-element elementor-element-016d4d9\" data-id=\"016d4d9\" data-element_type=\"column\" data-e-type=\"column\">\n\t\t\t<div class=\"elementor-widget-wrap elementor-element-populated\">\n\t\t\t\t\t\t<div class=\"elementor-element elementor-element-cb2debf elementor-widget elementor-widget-text-editor\" data-id=\"cb2debf\" data-element_type=\"widget\" data-e-type=\"widget\" data-widget_type=\"text-editor.default\">\n\t\t\t\t<div class=\"elementor-widget-container\">\n\t\t\t\t\t\t\t\t\t<p>3\ufe0f\u20e3 <span data-start=\"2676\" data-end=\"2687\"><b>Postula\u00a0<\/b><\/span> con un clic.<br data-start=\"2700\" data-end=\"2703\" \/>4\ufe0f\u20e3 <span data-start=\"2707\" data-end=\"2717\"><b>Espera\u00a0<\/b><\/span> el contacto de nuestros reclutadores.<\/p>\t\t\t\t\t\t\t\t<\/div>\n\t\t\t\t<\/div>\n\t\t\t\t\t<\/div>\n\t\t<\/div>\n\t\t\t\t\t<\/div>\n\t\t<\/section>\n\t\t\t\t<div class=\"elementor-element elementor-element-b5bdd8a elementor-align-center elementor-widget elementor-widget-button\" data-id=\"b5bdd8a\" data-element_type=\"widget\" data-e-type=\"widget\" data-widget_type=\"button.default\">\n\t\t\t\t<div class=\"elementor-widget-container\">\n\t\t\t\t\t\t\t\t\t<div class=\"elementor-button-wrapper\">\n\t\t\t\t\t<a class=\"elementor-button elementor-button-link elementor-size-lg\" href=\"https:\/\/www.sorttime.co\/PortalAspirante\/Portal\/ILS\/Ofertas\/lst_ofertas.aspx\">\n\t\t\t\t\t\t<span class=\"elementor-button-content-wrapper\">\n\t\t\t\t\t\t\t\t\t<span class=\"elementor-button-text\">Vacantes disponibles<\/span>\n\t\t\t\t\t<\/span>\n\t\t\t\t\t<\/a>\n\t\t\t\t<\/div>\n\t\t\t\t\t\t\t\t<\/div>\n\t\t\t\t<\/div>\n\t\t\t\t\t<\/div>\n\t\t<\/div>\n\t\t\t\t\t<\/div>\n\t\t<\/section>\n\t\t\t\t<\/div>\n\t\t","protected":false},"excerpt":{"rendered":"<p>Encuentra tu pr\u00f3xima oportunidad laboral con Inlaserv SAS.\u00a0 Conectamos talento &hellip; <\/p>\n","protected":false},"author":1,"featured_media":0,"parent":0,"menu_order":0,"comment_status":"closed","ping_status":"closed","template":"","meta":{"_monsterinsights_skip_tracking":false,"_monsterinsights_sitenote_active":false,"_monsterinsights_sitenote_note":"","_monsterinsights_sitenote_category":0,"ngg_post_thumbnail":0,"footnotes":""},"class_list":["post-276","page","type-page","status-publish","hentry"],"aioseo_notices":[],"_links":{"self":[{"href":"https:\/\/www.inlaserv.com\/index.php\/wp-json\/wp\/v2\/pages\/276","targetHints":{"allow":["GET"]}}],"collection":[{"href":"https:\/\/www.inlaserv.com\/index.php\/wp-json\/wp\/v2\/pages"}],"about":[{"href":"https:\/\/www.inlaserv.com\/index.php\/wp-json\/wp\/v2\/types\/page"}],"author":[{"embeddable":true,"href":"https:\/\/www.inlaserv.com\/index.php\/wp-json\/wp\/v2\/users\/1"}],"replies":[{"embeddable":true,"href":"https:\/\/www.inlaserv.com\/index.php\/wp-json\/wp\/v2\/comments?post=276"}],"version-history":[{"count":107,"href":"https:\/\/www.inlaserv.com\/index.php\/wp-json\/wp\/v2\/pages\/276\/revisions"}],"predecessor-version":[{"id":1860,"href":"https:\/\/www.inlaserv.com\/index.php\/wp-json\/wp\/v2\/pages\/276\/revisions\/1860"}],"wp:attachment":[{"href":"https:\/\/www.inlaserv.com\/index.php\/wp-json\/wp\/v2\/media?parent=276"}],"curies":[{"name":"wp","href":"https:\/\/api.w.org\/{rel}","templated":true}]}}